{"id":360,"date":"2024-10-08T09:53:26","date_gmt":"2024-10-08T07:53:26","guid":{"rendered":"https:\/\/perfectfood.com.pl\/?page_id=360"},"modified":"2024-10-08T09:53:30","modified_gmt":"2024-10-08T07:53:30","slug":"dotacje-ue","status":"publish","type":"page","link":"https:\/\/perfectfood.com.pl\/?page_id=360","title":{"rendered":"DOTACJE UE"},"content":{"rendered":"\n<figure class=\"wp-block-image size-large\"><img loading=\"lazy\" decoding=\"async\" width=\"1024\" height=\"108\" src=\"https:\/\/perfectfood.com.pl\/wp-content\/uploads\/2024\/10\/EB29.tmp_-1024x108.jpg\" alt=\"\" class=\"wp-image-361\" srcset=\"https:\/\/perfectfood.com.pl\/wp-content\/uploads\/2024\/10\/EB29.tmp_-1024x108.jpg 1024w, https:\/\/perfectfood.com.pl\/wp-content\/uploads\/2024\/10\/EB29.tmp_-600x63.jpg 600w, https:\/\/perfectfood.com.pl\/wp-content\/uploads\/2024\/10\/EB29.tmp_-300x32.jpg 300w, https:\/\/perfectfood.com.pl\/wp-content\/uploads\/2024\/10\/EB29.tmp_-768x81.jpg 768w, https:\/\/perfectfood.com.pl\/wp-content\/uploads\/2024\/10\/EB29.tmp_-1320x139.jpg 1320w, https:\/\/perfectfood.com.pl\/wp-content\/uploads\/2024\/10\/EB29.tmp_.jpg 1385w\" sizes=\"auto, (max-width: 1024px) 100vw, 1024px\" \/><\/figure>\n\n\n\n<p><\/p>\n\n\n\n<p>W 2024 roku firma PERFECT FUTURE Sp. z o.o. otrzyma\u0142a dotacj\u0119 z Unii Europejskiej i rozpocz\u0119\u0142a realizacj\u0119 projektu pt. \u201eZakup linii do rozlewania olej\u00f3w spo\u017cywczych wraz instalacj\u0105 zasilaj\u0105ca (OZE)\u201d<\/p>\n\n\n\n<p>Celem projektu jest wdro\u017cenie innowacji procesowej i produktowej na poziomie przedsi\u0119biorstwa oraz dywersyfikacja pionowa polegaj\u0105ca na przej\u0119ciu przez PERFECT FUTURE Sp. z o.o. procesu rozlewania olej\u00f3w do butelek i rozpocz\u0119ciu sprzeda\u017cy w\u0142asnych olej\u00f3w spo\u017cywczych.<\/p>\n\n\n\n<p>Zadanie zaplanowane w projekcie:<\/p>\n\n\n\n<p>Zadanie 1: Zakup maszyn i urz\u0105dze\u0144 &#8211; linia do rozlewania oleju (Zakup maszyny-linii do rozlewania oleju do butelek, Zakup owijarki do palet, Zakup w\u00f3zka wid\u0142owego,<\/p>\n\n\n\n<p>Zadanie 2: Zakup instalacji fotowoltaicznej<\/p>\n\n\n\n<p>Zadanie 3: Zakup oprogramowania i sprz\u0119tu komputerowego (Zakup oprogramowania produkcyjno-magazynowego, laptopy, komputery, monitory, oprogramowanie biurowe, Kserokopiarka wielofunkcyjna &#8211; kolorowa do A3, Zakup routera<\/p>\n\n\n\n<p>Zadanie 4: Zakup szkole\u0144 (Szkolenie dla pracownik\u00f3w z obs\u0142ugi programu produkcyjno \u2013 magazynowego)<\/p>\n\n\n\n<p>Grup\u0105 docelow\u0105 s\u0105 klienci firmy PERFECT FUTURE Sp. z o.o. oraz pracownicy firmy. Rynkiem docelowym dla olej\u00f3w ro\u015blinnych, kt\u00f3re b\u0119d\u0105 rozlewane na w\u0142asnej linii do rozlewania olej\u00f3w, s\u0105 konsumenci, a po\u015brednio hurtownie spo\u017cywcze, restauracje, bary, czy cukiernie, kt\u00f3re zaopatruj\u0105 si\u0119 w oleje ro\u015blinne w du\u017cych ilo\u015bciach.<\/p>\n\n\n\n<p>Efektem projektu b\u0119dzie innowacja procesowa i produktowa. Dzi\u0119ki realizacji projektu firma b\u0119dzie mog\u0142a kupowa\u0107 znaczenie ta\u0144szy olej w cysternach i rozlewa\u0107 do butelek na w\u0142asnej linii. W zwi\u0105zku z zakupem linii do rozlewania b\u0119dzie mia\u0142a miejsce dywersyfikacja pionowa. Dywersyfikacja pionowa obejmie faz\u0119 rozlewania oleju, kt\u00f3ra dotychczas przed zrealizowaniem projektu by\u0142a wykonywana przez dostawc\u00f3w firmy. Dzi\u0119ki projektowi zostanie wdro\u017cona innowacja procesowa na poziomie przedsi\u0119biorstwa polegaj\u0105ca na przej\u0119ciu przez Wnioskodawc\u0119 procesu rozlewania olej\u00f3w do butelek. Opr\u00f3cz innowacji procesowej pojawi si\u0119 innowacja produktowa na poziomie przedsi\u0119biorstwa, poniewa\u017c butelki b\u0119d\u0105 znakowane w\u0142asnymi etykietami, a oleje b\u0119d\u0105 sprzedawane pod w\u0142asn\u0105 mark\u0105 (nowy produkt).<\/p>\n\n\n\n<p>Warto\u015b\u0107 projektu: 1 083&nbsp;836,00 PLN<\/p>\n\n\n\n<p>Wysoko\u015b\u0107 wk\u0142adu Funduszy Europejskich: 535&nbsp;248,24 PLN<\/p>\n\n\n\n<p>#FunduszeEuropejskie<\/p>\n","protected":false},"excerpt":{"rendered":"<p>W 2024 roku firma PERFECT FUTURE Sp. z o.o. otrzyma\u0142a dotacj\u0119 z Unii Europejskiej i rozpocz\u0119\u0142a realizacj\u0119 projektu pt. \u201eZakup linii do rozlewania olej\u00f3w spo\u017cywczych&hellip;<\/p>\n","protected":false},"author":1,"featured_media":0,"parent":0,"menu_order":0,"comment_status":"closed","ping_status":"closed","template":"","meta":{"footnotes":""},"class_list":["post-360","page","type-page","status-publish","hentry"],"jetpack_sharing_enabled":true,"_links":{"self":[{"href":"https:\/\/perfectfood.com.pl\/index.php?rest_route=\/wp\/v2\/pages\/360","targetHints":{"allow":["GET"]}}],"collection":[{"href":"https:\/\/perfectfood.com.pl\/index.php?rest_route=\/wp\/v2\/pages"}],"about":[{"href":"https:\/\/perfectfood.com.pl\/index.php?rest_route=\/wp\/v2\/types\/page"}],"author":[{"embeddable":true,"href":"https:\/\/perfectfood.com.pl\/index.php?rest_route=\/wp\/v2\/users\/1"}],"replies":[{"embeddable":true,"href":"https:\/\/perfectfood.com.pl\/index.php?rest_route=%2Fwp%2Fv2%2Fcomments&post=360"}],"version-history":[{"count":2,"href":"https:\/\/perfectfood.com.pl\/index.php?rest_route=\/wp\/v2\/pages\/360\/revisions"}],"predecessor-version":[{"id":370,"href":"https:\/\/perfectfood.com.pl\/index.php?rest_route=\/wp\/v2\/pages\/360\/revisions\/370"}],"wp:attachment":[{"href":"https:\/\/perfectfood.com.pl\/index.php?rest_route=%2Fwp%2Fv2%2Fmedia&parent=360"}],"curies":[{"name":"wp","href":"https:\/\/api.w.org\/{rel}","templated":true}]}}