{"id":62,"date":"2022-05-24T15:15:43","date_gmt":"2022-05-24T13:15:43","guid":{"rendered":"http:\/\/perfectfood.com.pl\/?page_id=62"},"modified":"2023-03-30T13:00:22","modified_gmt":"2023-03-30T11:00:22","slug":"62-2","status":"publish","type":"page","link":"https:\/\/perfectfood.com.pl\/","title":{"rendered":""},"content":{"rendered":"\n<div class=\"wp-block-media-text alignwide has-media-on-the-right is-stacked-on-mobile is-vertically-aligned-center has-background\" style=\"background-color:#f1f5c7;grid-template-columns:auto 41%\"><div class=\"wp-block-media-text__content\">\n<div class=\"wp-block-group\" style=\"padding-top:2em;padding-right:2em;padding-bottom:2em;padding-left:2em\"><div class=\"wp-block-group__inner-container is-layout-flow wp-block-group-is-layout-flow\">\n<div class=\"wp-block-group has-text-color\" style=\"color:#7e7e7e\"><div class=\"wp-block-group__inner-container is-layout-flow wp-block-group-is-layout-flow\">\n<h2 class=\"wp-block-heading has-text-color has-x-large-font-size\" style=\"color:#606060;font-style:italic;font-weight:800;text-transform:capitalize\"><strong>Oleje Ro\u015blinne<\/strong><\/h2>\n<\/div><\/div>\n\n\n\n<h2 class=\"wp-block-heading has-medium-font-size\">Sprzeda\u017c hurtowa wysokiej jako\u015bci olej\u00f3w ro\u015blinnych.<\/h2>\n\n\n\n<div class=\"wp-block-group\"><div class=\"wp-block-group__inner-container is-layout-flow wp-block-group-is-layout-flow\">\n<h2 class=\"wp-block-heading has-medium-font-size\">Olej s\u0142onecznikowy oraz rzepakowy <strong>polskich Producent\u00f3w<\/strong><\/h2>\n<\/div><\/div>\n<\/div><\/div>\n<\/div><figure class=\"wp-block-media-text__media\"><img loading=\"lazy\" decoding=\"async\" width=\"600\" height=\"600\" src=\"https:\/\/perfectfood.com.pl\/wp-content\/uploads\/2022\/05\/Shop2-1.png\" alt=\"\" class=\"wp-image-96 size-full\" srcset=\"https:\/\/perfectfood.com.pl\/wp-content\/uploads\/2022\/05\/Shop2-1.png 600w, https:\/\/perfectfood.com.pl\/wp-content\/uploads\/2022\/05\/Shop2-1-300x300.png 300w, https:\/\/perfectfood.com.pl\/wp-content\/uploads\/2022\/05\/Shop2-1-100x100.png 100w, https:\/\/perfectfood.com.pl\/wp-content\/uploads\/2022\/05\/Shop2-1-150x150.png 150w\" sizes=\"auto, (max-width: 600px) 100vw, 600px\" \/><\/figure><\/div>\n\n\n\n<div class=\"wp-block-media-text alignwide is-stacked-on-mobile is-vertically-aligned-center has-background\" style=\"background-color:#fffdea\"><figure class=\"wp-block-media-text__media\"><img loading=\"lazy\" decoding=\"async\" width=\"1024\" height=\"683\" src=\"https:\/\/perfectfood.com.pl\/wp-content\/uploads\/2022\/05\/Flour_AdobeStock_107376106_E-1024x683.jpg\" alt=\"\" class=\"wp-image-79 size-full\" srcset=\"https:\/\/perfectfood.com.pl\/wp-content\/uploads\/2022\/05\/Flour_AdobeStock_107376106_E-1024x683.jpg 1024w, https:\/\/perfectfood.com.pl\/wp-content\/uploads\/2022\/05\/Flour_AdobeStock_107376106_E-600x400.jpg 600w, https:\/\/perfectfood.com.pl\/wp-content\/uploads\/2022\/05\/Flour_AdobeStock_107376106_E-300x200.jpg 300w, https:\/\/perfectfood.com.pl\/wp-content\/uploads\/2022\/05\/Flour_AdobeStock_107376106_E-768x512.jpg 768w, https:\/\/perfectfood.com.pl\/wp-content\/uploads\/2022\/05\/Flour_AdobeStock_107376106_E.jpg 1080w\" sizes=\"auto, (max-width: 1024px) 100vw, 1024px\" \/><\/figure><div class=\"wp-block-media-text__content\">\n<div class=\"wp-block-group\" style=\"padding-top:2em;padding-right:2em;padding-bottom:2em;padding-left:2em\"><div class=\"wp-block-group__inner-container is-layout-flow wp-block-group-is-layout-flow\">\n<h2 class=\"wp-block-heading has-text-color\" style=\"color:#656565;font-size:40px\"><strong><em><strong>M\u0105ka z polskiego m\u0142yna<\/strong><\/em><\/strong><\/h2>\n\n\n\n<h2 class=\"wp-block-heading has-medium-font-size\">M\u0105ka pszenna typ 450 &#8211; tortowa, M\u0105ka pszenna typ 550 &#8211; luksusowa<\/h2>\n<\/div><\/div>\n<\/div><\/div>\n\n\n\n<div class=\"wp-block-media-text alignwide has-media-on-the-right is-stacked-on-mobile is-vertically-aligned-center has-background\" style=\"background-color:#f8ffc91f\"><div class=\"wp-block-media-text__content\">\n<div class=\"wp-block-group\" style=\"padding-top:2em;padding-right:2em;padding-bottom:2em;padding-left:2em\"><div class=\"wp-block-group__inner-container is-layout-flow wp-block-group-is-layout-flow\">\n<h2 class=\"wp-block-heading has-text-color\" style=\"color:#656565;font-size:40px\"><strong><em>Przetwory Pomidorowe<\/em><\/strong><\/h2>\n\n\n\n<h2 class=\"wp-block-heading has-medium-font-size\">Pomidory w Puszkach (ca\u0142e i krojone), Passaty, Pulpy, Sosy do pizzy<\/h2>\n<\/div><\/div>\n<\/div><figure class=\"wp-block-media-text__media\"><img loading=\"lazy\" decoding=\"async\" width=\"886\" height=\"620\" src=\"https:\/\/perfectfood.com.pl\/wp-content\/uploads\/2023\/03\/passata-690-CIEN_naWWW-3.png\" alt=\"\" class=\"wp-image-326 size-full\" srcset=\"https:\/\/perfectfood.com.pl\/wp-content\/uploads\/2023\/03\/passata-690-CIEN_naWWW-3.png 886w, https:\/\/perfectfood.com.pl\/wp-content\/uploads\/2023\/03\/passata-690-CIEN_naWWW-3-600x420.png 600w, https:\/\/perfectfood.com.pl\/wp-content\/uploads\/2023\/03\/passata-690-CIEN_naWWW-3-300x210.png 300w, https:\/\/perfectfood.com.pl\/wp-content\/uploads\/2023\/03\/passata-690-CIEN_naWWW-3-768x537.png 768w\" sizes=\"auto, (max-width: 886px) 100vw, 886px\" \/><\/figure><\/div>\n\n\n\n<div class=\"wp-block-media-text alignwide is-stacked-on-mobile is-vertically-aligned-center has-background\" style=\"background-color:#efefef\"><figure class=\"wp-block-media-text__media\"><img loading=\"lazy\" decoding=\"async\" width=\"1024\" height=\"682\" src=\"https:\/\/perfectfood.com.pl\/wp-content\/uploads\/2022\/05\/gettyimages-871483406-3-1024x682.jpg\" alt=\"\" class=\"wp-image-107 size-full\" srcset=\"https:\/\/perfectfood.com.pl\/wp-content\/uploads\/2022\/05\/gettyimages-871483406-3-1024x682.jpg 1024w, https:\/\/perfectfood.com.pl\/wp-content\/uploads\/2022\/05\/gettyimages-871483406-3-600x400.jpg 600w, https:\/\/perfectfood.com.pl\/wp-content\/uploads\/2022\/05\/gettyimages-871483406-3-300x200.jpg 300w, https:\/\/perfectfood.com.pl\/wp-content\/uploads\/2022\/05\/gettyimages-871483406-3-768x512.jpg 768w, https:\/\/perfectfood.com.pl\/wp-content\/uploads\/2022\/05\/gettyimages-871483406-3-1536x1023.jpg 1536w, https:\/\/perfectfood.com.pl\/wp-content\/uploads\/2022\/05\/gettyimages-871483406-3.jpg 1600w\" sizes=\"auto, (max-width: 1024px) 100vw, 1024px\" \/><\/figure><div class=\"wp-block-media-text__content\">\n<div class=\"wp-block-group\" style=\"padding-top:2em;padding-right:2em;padding-bottom:2em;padding-left:2em\"><div class=\"wp-block-group__inner-container is-layout-flow wp-block-group-is-layout-flow\">\n<h2 class=\"wp-block-heading has-text-color\" style=\"color:#656565;font-size:40px\"><strong><em><strong>Konserwy<\/strong><\/em><\/strong><\/h2>\n\n\n\n<h2 class=\"wp-block-heading has-medium-font-size\">Konserwy turystyczne, Gulasz angielski, Przysmak \u015bniadaniowy<\/h2>\n<\/div><\/div>\n<\/div><\/div>\n\n\n\n<div class=\"wp-block-media-text alignwide has-media-on-the-right is-stacked-on-mobile is-vertically-aligned-center has-background\" style=\"background-color:#eafdf6\"><div class=\"wp-block-media-text__content\">\n<div class=\"wp-block-group\" style=\"padding-top:2em;padding-right:2em;padding-bottom:2em;padding-left:2em\"><div class=\"wp-block-group__inner-container is-layout-flow wp-block-group-is-layout-flow\">\n<h2 class=\"wp-block-heading has-text-color\" style=\"color:#656565;font-size:40px\"><strong><strong><em>Ziarna, Nasiona, Pestki, Orzechy, Suszone Owoce<\/em><\/strong><\/strong><\/h2>\n<\/div><\/div>\n<\/div><figure class=\"wp-block-media-text__media\"><img loading=\"lazy\" decoding=\"async\" width=\"1024\" height=\"682\" src=\"https:\/\/perfectfood.com.pl\/wp-content\/uploads\/2022\/07\/1_3-1024x682.png\" alt=\"\" class=\"wp-image-208 size-full\" srcset=\"https:\/\/perfectfood.com.pl\/wp-content\/uploads\/2022\/07\/1_3-1024x682.png 1024w, https:\/\/perfectfood.com.pl\/wp-content\/uploads\/2022\/07\/1_3-600x400.png 600w, https:\/\/perfectfood.com.pl\/wp-content\/uploads\/2022\/07\/1_3-300x200.png 300w, https:\/\/perfectfood.com.pl\/wp-content\/uploads\/2022\/07\/1_3-768x512.png 768w, https:\/\/perfectfood.com.pl\/wp-content\/uploads\/2022\/07\/1_3-1536x1024.png 1536w, https:\/\/perfectfood.com.pl\/wp-content\/uploads\/2022\/07\/1_3.png 1772w\" sizes=\"auto, (max-width: 1024px) 100vw, 1024px\" \/><\/figure><\/div>\n\n\n\n<p><\/p>\n\n\n\n<h2 class=\"wp-block-heading has-cyan-bluish-gray-color has-text-color has-medium-font-size\">Nasi partnerzy:<\/h2>\n\n\n\n<div class=\"wp-block-group\"><div class=\"wp-block-group__inner-container is-layout-flow wp-block-group-is-layout-flow\"><div class=\"wp-block-image is-style-default\">\n<figure class=\"alignleft size-thumbnail is-resized\"><img loading=\"lazy\" decoding=\"async\" src=\"https:\/\/perfectfood.com.pl\/wp-content\/uploads\/2023\/02\/bialebiale-150x150.png\" alt=\"\" class=\"wp-image-275\" width=\"106\" height=\"106\" srcset=\"https:\/\/perfectfood.com.pl\/wp-content\/uploads\/2023\/02\/bialebiale-150x150.png 150w, https:\/\/perfectfood.com.pl\/wp-content\/uploads\/2023\/02\/bialebiale-300x300.png 300w, https:\/\/perfectfood.com.pl\/wp-content\/uploads\/2023\/02\/bialebiale-100x100.png 100w, https:\/\/perfectfood.com.pl\/wp-content\/uploads\/2023\/02\/bialebiale-600x600.png 600w, https:\/\/perfectfood.com.pl\/wp-content\/uploads\/2023\/02\/bialebiale-1024x1024.png 1024w, https:\/\/perfectfood.com.pl\/wp-content\/uploads\/2023\/02\/bialebiale-768x768.png 768w, https:\/\/perfectfood.com.pl\/wp-content\/uploads\/2023\/02\/bialebiale.png 1096w\" sizes=\"auto, (max-width: 106px) 100vw, 106px\" \/><\/figure>\n<\/div>\n\n<div class=\"wp-block-image is-style-default\">\n<figure class=\"alignleft size-thumbnail is-resized\"><a href=\"https:\/\/www.medicalox.pl\/\"><img loading=\"lazy\" decoding=\"async\" src=\"https:\/\/perfectfood.com.pl\/wp-content\/uploads\/2023\/02\/medicallogo-150x150.png\" alt=\"\" class=\"wp-image-257\" width=\"149\" height=\"149\" srcset=\"https:\/\/perfectfood.com.pl\/wp-content\/uploads\/2023\/02\/medicallogo-150x150.png 150w, https:\/\/perfectfood.com.pl\/wp-content\/uploads\/2023\/02\/medicallogo-300x300.png 300w, https:\/\/perfectfood.com.pl\/wp-content\/uploads\/2023\/02\/medicallogo-100x100.png 100w, https:\/\/perfectfood.com.pl\/wp-content\/uploads\/2023\/02\/medicallogo-600x600.png 600w, https:\/\/perfectfood.com.pl\/wp-content\/uploads\/2023\/02\/medicallogo-1024x1024.png 1024w, https:\/\/perfectfood.com.pl\/wp-content\/uploads\/2023\/02\/medicallogo-768x768.png 768w, https:\/\/perfectfood.com.pl\/wp-content\/uploads\/2023\/02\/medicallogo.png 1096w\" sizes=\"auto, (max-width: 149px) 100vw, 149px\" \/><\/a><\/figure>\n<\/div>\n\n<div class=\"wp-block-image\">\n<figure class=\"alignleft size-thumbnail is-resized\"><a href=\"https:\/\/brzozowa-oaza.pl\/\"><img loading=\"lazy\" decoding=\"async\" src=\"https:\/\/perfectfood.com.pl\/wp-content\/uploads\/2023\/02\/czarne-bez-tla-11-150x150.png\" alt=\"\" class=\"wp-image-247\" width=\"122\" height=\"122\" srcset=\"https:\/\/perfectfood.com.pl\/wp-content\/uploads\/2023\/02\/czarne-bez-tla-11-150x150.png 150w, https:\/\/perfectfood.com.pl\/wp-content\/uploads\/2023\/02\/czarne-bez-tla-11-300x300.png 300w, https:\/\/perfectfood.com.pl\/wp-content\/uploads\/2023\/02\/czarne-bez-tla-11-100x100.png 100w, https:\/\/perfectfood.com.pl\/wp-content\/uploads\/2023\/02\/czarne-bez-tla-11-600x600.png 600w, https:\/\/perfectfood.com.pl\/wp-content\/uploads\/2023\/02\/czarne-bez-tla-11-768x768.png 768w, https:\/\/perfectfood.com.pl\/wp-content\/uploads\/2023\/02\/czarne-bez-tla-11.png 1000w\" sizes=\"auto, (max-width: 122px) 100vw, 122px\" \/><\/a><\/figure>\n<\/div>\n\n<div class=\"wp-block-image\">\n<figure class=\"alignleft size-thumbnail is-resized\"><img loading=\"lazy\" decoding=\"async\" src=\"https:\/\/perfectfood.com.pl\/wp-content\/uploads\/2023\/02\/archiwa24logo-150x150.png\" alt=\"\" class=\"wp-image-298\" width=\"169\" height=\"169\" srcset=\"https:\/\/perfectfood.com.pl\/wp-content\/uploads\/2023\/02\/archiwa24logo-150x150.png 150w, https:\/\/perfectfood.com.pl\/wp-content\/uploads\/2023\/02\/archiwa24logo-300x300.png 300w, https:\/\/perfectfood.com.pl\/wp-content\/uploads\/2023\/02\/archiwa24logo-100x100.png 100w, https:\/\/perfectfood.com.pl\/wp-content\/uploads\/2023\/02\/archiwa24logo-600x600.png 600w, https:\/\/perfectfood.com.pl\/wp-content\/uploads\/2023\/02\/archiwa24logo-1024x1024.png 1024w, https:\/\/perfectfood.com.pl\/wp-content\/uploads\/2023\/02\/archiwa24logo-768x768.png 768w, https:\/\/perfectfood.com.pl\/wp-content\/uploads\/2023\/02\/archiwa24logo.png 1096w\" sizes=\"auto, (max-width: 169px) 100vw, 169px\" \/><\/figure>\n<\/div>\n\n<div class=\"wp-block-image\">\n<figure class=\"alignleft size-thumbnail is-resized\"><a href=\"https:\/\/perfect-chemia.pl\/\"><img loading=\"lazy\" decoding=\"async\" src=\"https:\/\/perfectfood.com.pl\/wp-content\/uploads\/2023\/02\/pflogo-150x150.png\" alt=\"\" class=\"wp-image-258\" width=\"180\" height=\"180\" srcset=\"https:\/\/perfectfood.com.pl\/wp-content\/uploads\/2023\/02\/pflogo-150x150.png 150w, https:\/\/perfectfood.com.pl\/wp-content\/uploads\/2023\/02\/pflogo-300x300.png 300w, https:\/\/perfectfood.com.pl\/wp-content\/uploads\/2023\/02\/pflogo-100x100.png 100w, https:\/\/perfectfood.com.pl\/wp-content\/uploads\/2023\/02\/pflogo-600x600.png 600w, https:\/\/perfectfood.com.pl\/wp-content\/uploads\/2023\/02\/pflogo-1024x1024.png 1024w, https:\/\/perfectfood.com.pl\/wp-content\/uploads\/2023\/02\/pflogo-768x768.png 768w, https:\/\/perfectfood.com.pl\/wp-content\/uploads\/2023\/02\/pflogo.png 1096w\" sizes=\"auto, (max-width: 180px) 100vw, 180px\" \/><\/a><\/figure>\n<\/div>\n\n<div class=\"wp-block-image\">\n<figure class=\"alignleft size-thumbnail is-resized\"><a href=\"https:\/\/perfectfood.com.pl\"><img loading=\"lazy\" decoding=\"async\" src=\"https:\/\/perfectfood.com.pl\/wp-content\/uploads\/2023\/02\/Foodd-150x150.png\" alt=\"\" class=\"wp-image-246\" width=\"160\" height=\"160\" srcset=\"https:\/\/perfectfood.com.pl\/wp-content\/uploads\/2023\/02\/Foodd-150x150.png 150w, https:\/\/perfectfood.com.pl\/wp-content\/uploads\/2023\/02\/Foodd-300x300.png 300w, https:\/\/perfectfood.com.pl\/wp-content\/uploads\/2023\/02\/Foodd-100x100.png 100w, https:\/\/perfectfood.com.pl\/wp-content\/uploads\/2023\/02\/Foodd-600x600.png 600w, https:\/\/perfectfood.com.pl\/wp-content\/uploads\/2023\/02\/Foodd-1024x1024.png 1024w, https:\/\/perfectfood.com.pl\/wp-content\/uploads\/2023\/02\/Foodd-768x768.png 768w, https:\/\/perfectfood.com.pl\/wp-content\/uploads\/2023\/02\/Foodd.png 1096w\" sizes=\"auto, (max-width: 160px) 100vw, 160px\" \/><\/a><\/figure>\n<\/div>\n\n<div class=\"wp-block-image\">\n<figure class=\"alignleft size-thumbnail is-resized\"><a href=\"http:\/\/paczkomaty24.eu\/\"><img loading=\"lazy\" decoding=\"async\" src=\"https:\/\/perfectfood.com.pl\/wp-content\/uploads\/2023\/02\/paczkoo-150x150.png\" alt=\"\" class=\"wp-image-245\" width=\"160\" height=\"160\" srcset=\"https:\/\/perfectfood.com.pl\/wp-content\/uploads\/2023\/02\/paczkoo-150x150.png 150w, https:\/\/perfectfood.com.pl\/wp-content\/uploads\/2023\/02\/paczkoo-300x300.png 300w, https:\/\/perfectfood.com.pl\/wp-content\/uploads\/2023\/02\/paczkoo-100x100.png 100w, https:\/\/perfectfood.com.pl\/wp-content\/uploads\/2023\/02\/paczkoo.png 478w\" sizes=\"auto, (max-width: 160px) 100vw, 160px\" \/><\/a><\/figure>\n<\/div>\n\n\n<figure class=\"wp-block-image size-thumbnail is-resized\"><a href=\"https:\/\/www.facebook.com\/profile.php?id=100069980051166\"><img loading=\"lazy\" decoding=\"async\" src=\"https:\/\/perfectfood.com.pl\/wp-content\/uploads\/2023\/02\/nieruch-150x150.png\" alt=\"\" class=\"wp-image-244\" width=\"127\" height=\"127\" srcset=\"https:\/\/perfectfood.com.pl\/wp-content\/uploads\/2023\/02\/nieruch-150x150.png 150w, https:\/\/perfectfood.com.pl\/wp-content\/uploads\/2023\/02\/nieruch-300x300.png 300w, https:\/\/perfectfood.com.pl\/wp-content\/uploads\/2023\/02\/nieruch-100x100.png 100w, https:\/\/perfectfood.com.pl\/wp-content\/uploads\/2023\/02\/nieruch.png 352w\" sizes=\"auto, (max-width: 127px) 100vw, 127px\" \/><\/a><\/figure>\n<\/div><\/div>\n","protected":false},"excerpt":{"rendered":"<p>Nasi partnerzy:<\/p>\n","protected":false},"author":1,"featured_media":0,"parent":0,"menu_order":0,"comment_status":"closed","ping_status":"closed","template":"","meta":{"footnotes":""},"class_list":["post-62","page","type-page","status-publish","hentry"],"jetpack_sharing_enabled":true,"_links":{"self":[{"href":"https:\/\/perfectfood.com.pl\/index.php?rest_route=\/wp\/v2\/pages\/62","targetHints":{"allow":["GET"]}}],"collection":[{"href":"https:\/\/perfectfood.com.pl\/index.php?rest_route=\/wp\/v2\/pages"}],"about":[{"href":"https:\/\/perfectfood.com.pl\/index.php?rest_route=\/wp\/v2\/types\/page"}],"author":[{"embeddable":true,"href":"https:\/\/perfectfood.com.pl\/index.php?rest_route=\/wp\/v2\/users\/1"}],"replies":[{"embeddable":true,"href":"https:\/\/perfectfood.com.pl\/index.php?rest_route=%2Fwp%2Fv2%2Fcomments&post=62"}],"version-history":[{"count":77,"href":"https:\/\/perfectfood.com.pl\/index.php?rest_route=\/wp\/v2\/pages\/62\/revisions"}],"predecessor-version":[{"id":336,"href":"https:\/\/perfectfood.com.pl\/index.php?rest_route=\/wp\/v2\/pages\/62\/revisions\/336"}],"wp:attachment":[{"href":"https:\/\/perfectfood.com.pl\/index.php?rest_route=%2Fwp%2Fv2%2Fmedia&parent=62"}],"curies":[{"name":"wp","href":"https:\/\/api.w.org\/{rel}","templated":true}]}}