{"id":9,"date":"2022-05-24T13:40:23","date_gmt":"2022-05-24T11:40:23","guid":{"rendered":"http:\/\/perfectfood.com.pl\/?page_id=9"},"modified":"2022-08-03T09:42:40","modified_gmt":"2022-08-03T07:42:40","slug":"informacje","status":"publish","type":"page","link":"https:\/\/perfectfood.com.pl\/?page_id=9","title":{"rendered":"Informacje"},"content":{"rendered":"\n<p>Zajmujemy si\u0119 sprzeda\u017c\u0105 hurtow\u0105 \u017cywno\u015bci d\u0142ugoterminowej takiej jak <strong>m\u0105ki, makarony, konserwy<\/strong>. Oferujemy dostawy <strong>ziaren, nasion, pestek, orzech\u00f3w oraz suszonych owoc\u00f3w<\/strong>, bezpo\u015brednio od producent\u00f3w.<\/p>\n\n\n\n<p><strong>ZIARNA, NASIONA, PESTKI:<\/strong><\/p>\n\n\n\n<p>Siemi\u0119 Lniane, Sezam, Komosa, Mak, Kasza, S\u0142onecznik, Gorczyca, Kolendra, Pestki Dyni, Ciecierzyca, Groch, Soczewica, Nasiona Konopi, Nasiona Czarnuszki, Wi\u00f3rki Kokosowe, P\u0142atki Migda\u0142owe.<\/p>\n\n\n\n<p><strong>ORZECHY:<\/strong><\/p>\n\n\n\n<p>Nerkowca, W\u0142oskie, Ziemne, Brazylijskie, Laskowe, Pecan, Pistacje, Migda\u0142y Kalifornijskie.<\/p>\n\n\n\n<p><strong>SUSZONE OWOCE:<\/strong><\/p>\n\n\n\n<p>\u017burawina, Morele, Daktyle, \u015aliwki, Rodzynki, Jagody Goji, Figi, Morwa, Miechunka, Mango.<\/p>\n\n\n\n<p>Jeste\u015bmy r\u00f3wnie\u017c dystrybutorem wysokiej jako\u015bci <strong>oleju s\u0142onecznikowego<\/strong> oraz <strong>rzepakowego<\/strong>, a tak\u017ce wyrob\u00f3w z <strong>t\u0142uszczu ro\u015blinnego.<\/strong><\/p>\n\n\n\n<p>Towar bezpo\u015brednio od producent\u00f3w, co pozwala zagwarantowa\u0107 nam jego \u015bwie\u017co\u015b\u0107 oraz najwy\u017csz\u0105 jako\u015b\u0107. Przy ka\u017cdej dostawie przekazujemy komplet dokument\u00f3w, takich jak: \u015bwiadectwo pochodzenia oraz certyfikaty jako\u015bci.<\/p>\n\n\n\n<p><strong>Zapraszamy do wsp\u00f3\u0142pracy.<\/strong><\/p>\n","protected":false},"excerpt":{"rendered":"<p>Zajmujemy si\u0119 sprzeda\u017c\u0105 hurtow\u0105 \u017cywno\u015bci d\u0142ugoterminowej takiej jak m\u0105ki, makarony, konserwy. Oferujemy dostawy ziaren, nasion, pestek, orzech\u00f3w oraz suszonych owoc\u00f3w, bezpo\u015brednio od producent\u00f3w. ZIARNA, NASIONA,&hellip;<\/p>\n","protected":false},"author":1,"featured_media":0,"parent":0,"menu_order":0,"comment_status":"closed","ping_status":"closed","template":"","meta":{"footnotes":""},"class_list":["post-9","page","type-page","status-publish","hentry"],"jetpack_sharing_enabled":true,"_links":{"self":[{"href":"https:\/\/perfectfood.com.pl\/index.php?rest_route=\/wp\/v2\/pages\/9","targetHints":{"allow":["GET"]}}],"collection":[{"href":"https:\/\/perfectfood.com.pl\/index.php?rest_route=\/wp\/v2\/pages"}],"about":[{"href":"https:\/\/perfectfood.com.pl\/index.php?rest_route=\/wp\/v2\/types\/page"}],"author":[{"embeddable":true,"href":"https:\/\/perfectfood.com.pl\/index.php?rest_route=\/wp\/v2\/users\/1"}],"replies":[{"embeddable":true,"href":"https:\/\/perfectfood.com.pl\/index.php?rest_route=%2Fwp%2Fv2%2Fcomments&post=9"}],"version-history":[{"count":6,"href":"https:\/\/perfectfood.com.pl\/index.php?rest_route=\/wp\/v2\/pages\/9\/revisions"}],"predecessor-version":[{"id":219,"href":"https:\/\/perfectfood.com.pl\/index.php?rest_route=\/wp\/v2\/pages\/9\/revisions\/219"}],"wp:attachment":[{"href":"https:\/\/perfectfood.com.pl\/index.php?rest_route=%2Fwp%2Fv2%2Fmedia&parent=9"}],"curies":[{"name":"wp","href":"https:\/\/api.w.org\/{rel}","templated":true}]}}